{"id":2,"date":"2014-11-21T06:42:48","date_gmt":"2014-11-21T06:42:48","guid":{"rendered":"http:\/\/www.artethanolfireplace.com\/?page_id=2"},"modified":"2019-02-25T20:57:34","modified_gmt":"2019-02-25T12:57:34","slug":"art-ethanol-fireplace-gallery","status":"publish","type":"page","link":"https:\/\/www.artethanolfireplace.com\/it\/art-ethanol-fireplace-gallery\/","title":{"rendered":"Galleria"},"content":{"rendered":"<p>Photoes di insert arte camini a bioetanolo:<img loading=\"lazy\" class=\"aligncenter size-full wp-image-1380\" src=\"http:\/\/www.artethanolfireplace.com\/wp-content\/uploads\/2014\/11\/art-automatic-ethanol-fireplace-unique-design-fire-space.jpg\" alt=\"Photoes di insert arte camini a bioetanolo\" width=\"1000\" height=\"193\" srcset=\"https:\/\/www.artethanolfireplace.com\/wp-content\/uploads\/2014\/11\/art-automatic-ethanol-fireplace-unique-design-fire-space.jpg 1000w, https:\/\/www.artethanolfireplace.com\/wp-content\/uploads\/2014\/11\/art-automatic-ethanol-fireplace-unique-design-fire-space-150x29.jpg 150w, https:\/\/www.artethanolfireplace.com\/wp-content\/uploads\/2014\/11\/art-automatic-ethanol-fireplace-unique-design-fire-space-300x58.jpg 300w, https:\/\/www.artethanolfireplace.com\/wp-content\/uploads\/2014\/11\/art-automatic-ethanol-fireplace-unique-design-fire-space-768x148.jpg 768w\" sizes=\"(max-width: 1000px) 100vw, 1000px\" \/><\/p>\n<p>inserimento automatico caminetto a bioetanolo AF66<\/p>\n<p>&#8211; Utilizzare solo in camere di almeno 25 m2<\/p>\n<p>&#8211; Dimensioni: 66,0 \/ 24 \/ 11.3 cm<\/p>\n<p>&#8211; Dimensioni inserto foro minimo -: 64.5 \/ 22.5 \/ 15,0 centimetri<img loading=\"lazy\" class=\"aligncenter size-full wp-image-282\" src=\"http:\/\/www.artethanolfireplace.com\/wp-content\/uploads\/2015\/01\/automatic-ethanol-fireplace-insert-china.jpg\" alt=\"inserimento automatico caminetto a bioetanolo AF66\" width=\"1146\" height=\"404\" srcset=\"https:\/\/www.artethanolfireplace.com\/wp-content\/uploads\/2015\/01\/automatic-ethanol-fireplace-insert-china.jpg 1146w, https:\/\/www.artethanolfireplace.com\/wp-content\/uploads\/2015\/01\/automatic-ethanol-fireplace-insert-china-150x53.jpg 150w, https:\/\/www.artethanolfireplace.com\/wp-content\/uploads\/2015\/01\/automatic-ethanol-fireplace-insert-china-300x106.jpg 300w, https:\/\/www.artethanolfireplace.com\/wp-content\/uploads\/2015\/01\/automatic-ethanol-fireplace-insert-china-1024x361.jpg 1024w\" sizes=\"(max-width: 1146px) 100vw, 1146px\" \/><\/p>\n<p>inserimento automatico caminetto a bioetanolo AF100<\/p>\n<p>&#8211; Utilizzare solo in camere di almeno 30 m2<\/p>\n<p>&#8211; Dimensioni: 100\/24 \/ 12.3 cm<\/p>\n<p>&#8211; Dimensioni inserto foro minimo -: 98.5 \/ 22.5 \/ 15,0 centimetri<img loading=\"lazy\" class=\"aligncenter size-full wp-image-284\" src=\"http:\/\/www.artethanolfireplace.com\/wp-content\/uploads\/2015\/01\/automatic-ethanol-fireplace-insert-china1.jpg\" alt=\"inserimento automatico caminetto a bioetanolo AF100\" width=\"1407\" height=\"450\" srcset=\"https:\/\/www.artethanolfireplace.com\/wp-content\/uploads\/2015\/01\/automatic-ethanol-fireplace-insert-china1.jpg 1407w, https:\/\/www.artethanolfireplace.com\/wp-content\/uploads\/2015\/01\/automatic-ethanol-fireplace-insert-china1-150x48.jpg 150w, https:\/\/www.artethanolfireplace.com\/wp-content\/uploads\/2015\/01\/automatic-ethanol-fireplace-insert-china1-300x96.jpg 300w, https:\/\/www.artethanolfireplace.com\/wp-content\/uploads\/2015\/01\/automatic-ethanol-fireplace-insert-china1-1024x328.jpg 1024w\" sizes=\"(max-width: 1407px) 100vw, 1407px\" \/><\/p>\n<p>inserimento automatico caminetto a bioetanolo AF120<\/p>\n<p>&#8211; Utilizzare solo in camere di almeno 35 m2<\/p>\n<p>&#8211; Dimensioni: 120\/24 \/ 21,5 cm<\/p>\n<p>&#8211; Dimensioni inserto foro minimo -: 118,5 \/ 22,5 \/ 25,0 centimetri<img loading=\"lazy\" class=\"aligncenter size-full wp-image-286\" src=\"http:\/\/www.artethanolfireplace.com\/wp-content\/uploads\/2015\/01\/automatic-ethanol-fireplace-insert-china2.jpg\" alt=\"inserimento automatico caminetto a bioetanolo AF120\" width=\"1292\" height=\"403\" srcset=\"https:\/\/www.artethanolfireplace.com\/wp-content\/uploads\/2015\/01\/automatic-ethanol-fireplace-insert-china2.jpg 1292w, https:\/\/www.artethanolfireplace.com\/wp-content\/uploads\/2015\/01\/automatic-ethanol-fireplace-insert-china2-150x47.jpg 150w, https:\/\/www.artethanolfireplace.com\/wp-content\/uploads\/2015\/01\/automatic-ethanol-fireplace-insert-china2-300x94.jpg 300w, https:\/\/www.artethanolfireplace.com\/wp-content\/uploads\/2015\/01\/automatic-ethanol-fireplace-insert-china2-1024x319.jpg 1024w\" sizes=\"(max-width: 1292px) 100vw, 1292px\" \/><\/p>\n<p>inserimento automatico caminetto a bioetanolo AF150<\/p>\n<p>&#8211; Utilizzare solo in camere di almeno 40 m2<\/p>\n<p>&#8211; Dimensioni: 150\/24 \/ 21,5 cm<\/p>\n<p>&#8211; Dimensioni inserto foro minimo -: 148,5 \/ 22,5 \/ 25,0 centimetri<img loading=\"lazy\" class=\"aligncenter size-full wp-image-288\" src=\"http:\/\/www.artethanolfireplace.com\/wp-content\/uploads\/2015\/01\/automatic-bioethanol-fireplace-insert-china.jpg\" alt=\"inserimento automatico caminetto a bioetanolo AF150\" width=\"1278\" height=\"398\" srcset=\"https:\/\/www.artethanolfireplace.com\/wp-content\/uploads\/2015\/01\/automatic-bioethanol-fireplace-insert-china.jpg 1278w, https:\/\/www.artethanolfireplace.com\/wp-content\/uploads\/2015\/01\/automatic-bioethanol-fireplace-insert-china-150x47.jpg 150w, https:\/\/www.artethanolfireplace.com\/wp-content\/uploads\/2015\/01\/automatic-bioethanol-fireplace-insert-china-300x93.jpg 300w, https:\/\/www.artethanolfireplace.com\/wp-content\/uploads\/2015\/01\/automatic-bioethanol-fireplace-insert-china-1024x319.jpg 1024w\" sizes=\"(max-width: 1278px) 100vw, 1278px\" \/><\/p>\n<p>inserimento automatico caminetto a bioetanolo AF180<\/p>\n<p>&#8211; Utilizzare solo in camere di almeno 45 m2<\/p>\n<p>&#8211; Dimensioni: 180\/24 \/ 21,5 cm<\/p>\n<p>&#8211; Dimensioni inserto foro minimo -: 177,5 \/ 22,5 \/ 25,0 centimetri<img loading=\"lazy\" class=\"aligncenter size-full wp-image-1509\" src=\"http:\/\/www.artethanolfireplace.com\/wp-content\/uploads\/2014\/11\/Art-Intelligent-Ethanol-Burner-AF180-with-Remote-Control.jpg\" alt=\"inserimento automatico caminetto a bioetanolo AF180\" width=\"1144\" height=\"365\" srcset=\"https:\/\/www.artethanolfireplace.com\/wp-content\/uploads\/2014\/11\/Art-Intelligent-Ethanol-Burner-AF180-with-Remote-Control.jpg 1144w, https:\/\/www.artethanolfireplace.com\/wp-content\/uploads\/2014\/11\/Art-Intelligent-Ethanol-Burner-AF180-with-Remote-Control-150x48.jpg 150w, https:\/\/www.artethanolfireplace.com\/wp-content\/uploads\/2014\/11\/Art-Intelligent-Ethanol-Burner-AF180-with-Remote-Control-300x96.jpg 300w, https:\/\/www.artethanolfireplace.com\/wp-content\/uploads\/2014\/11\/Art-Intelligent-Ethanol-Burner-AF180-with-Remote-Control-768x245.jpg 768w, https:\/\/www.artethanolfireplace.com\/wp-content\/uploads\/2014\/11\/Art-Intelligent-Ethanol-Burner-AF180-with-Remote-Control-1024x327.jpg 1024w\" sizes=\"(max-width: 1144px) 100vw, 1144px\" \/><\/p>\n<p>Per maggiori dettagli su camini a bioetanolo arte, pls dire Foglio us.Deta su richiesta!<\/p>\n<p>Intelligent standard di camino o funzioni opzionali:<\/p>\n<p>1. della temperatura interna di 50 gradi ad alta temperatura di allarme, di arresto,<\/p>\n<p>2. Temperatura del quadro maggiore 90-100 gradi spegne automaticamente,<\/p>\n<p>3. Nessun rumore, nessuno scarico, testa di accensione ad alta energia,<\/p>\n<p>A basso rumore e lunga vita a basso consumo energetico e pompa del carburante su misura ad alto isolamento<\/p>\n<p>rilevamento di basso livello acqua automatico 4. serbatoio del carburante, la mancanza di protezione di arresto del combustibile,<\/p>\n<p>5. Aggiungere Automaticamente, carburanti \u00e8 pieno poi fermarsi di riempimento automatico,<\/p>\n<p>Protezione allarme 6. CO2, automatica interrompere il funzionamento della pompa (opzionale)<\/p>\n<p>Controllo 7. CO2 del pannello LCD esterno, controllo della ventilazione, la ventilazione aria fresca (opzionale)<\/p>\n<p>piscina combustione controllo automatico del livello dell&#8217;acqua dal calcolatore, protezione anti-trabocco<\/p>\n<p>8. L&#8217;intero monitoraggio dei dati del computer,<\/p>\n<p>9. Telecomando 20-50 metri telecomando aprire, chiudere<\/p>\n<p>10. Macchina \u00e8 dotato di interruttori, fusibili, protezione dai guasti a terra protezione di cortocircuito.<\/p>\n<p>Camino futura casa sar\u00e0 pi\u00f9 sicuro, la tutela ambientale, umano, moda, e con la consapevolezza di mobili per la casa e la vita romantica, il perseguimento del miglioramento continuo, camino a casa legato anche nelle famiglie pubbliche. Diventa la decorazione della casa futuro romantico, riscaldare un elemento importante.<\/p>\n<p><img loading=\"lazy\" class=\"aligncenter size-full wp-image-1364\" src=\"http:\/\/www.artethanolfireplace.com\/wp-content\/uploads\/2014\/12\/Intelligent-Ethanol-fireplace-insert-with-remote-control.jpg\" alt=\"sano bruciatore etanolo intelligente con telecomando\" width=\"1000\" height=\"666\" srcset=\"https:\/\/www.artethanolfireplace.com\/wp-content\/uploads\/2014\/12\/Intelligent-Ethanol-fireplace-insert-with-remote-control.jpg 1000w, https:\/\/www.artethanolfireplace.com\/wp-content\/uploads\/2014\/12\/Intelligent-Ethanol-fireplace-insert-with-remote-control-150x100.jpg 150w, https:\/\/www.artethanolfireplace.com\/wp-content\/uploads\/2014\/12\/Intelligent-Ethanol-fireplace-insert-with-remote-control-300x200.jpg 300w, https:\/\/www.artethanolfireplace.com\/wp-content\/uploads\/2014\/12\/Intelligent-Ethanol-fireplace-insert-with-remote-control-768x511.jpg 768w\" sizes=\"(max-width: 1000px) 100vw, 1000px\" \/><\/p>\n","protected":false},"excerpt":{"rendered":"<p>Art etanolo camino \u00e8 un ecologico a emissioni zero camino produzione moda pu\u00f2 essere personalizzato e camino futura casa sar\u00e0 pi\u00f9 sicuro, la tutela ambientale, umano, moda, e con la consapevolezza di mobili per la casa e la vita romantica, il perseguimento del miglioramento continuo, la casa camino legato anche nelle famiglie pubbliche. Diventa la decorazione della casa futuro romantico, riscaldare un elemento importante.<\/p>\n","protected":false},"author":1,"featured_media":0,"parent":0,"menu_order":4,"comment_status":"closed","ping_status":"closed","template":"","meta":[],"yst_prominent_words":[],"translation":{"provider":"WPGlobus","version":"2.8.3","language":"it","enabled_languages":["en","es","fr","it","pt","ar","ru"],"languages":{"en":{"title":true,"content":true,"excerpt":true},"es":{"title":true,"content":true,"excerpt":true},"fr":{"title":true,"content":true,"excerpt":true},"it":{"title":true,"content":true,"excerpt":true},"pt":{"title":true,"content":true,"excerpt":true},"ar":{"title":true,"content":true,"excerpt":true},"ru":{"title":true,"content":true,"excerpt":true}}},"_links":{"self":[{"href":"https:\/\/www.artethanolfireplace.com\/it\/wp-json\/wp\/v2\/pages\/2"}],"collection":[{"href":"https:\/\/www.artethanolfireplace.com\/it\/wp-json\/wp\/v2\/pages"}],"about":[{"href":"https:\/\/www.artethanolfireplace.com\/it\/wp-json\/wp\/v2\/types\/page"}],"author":[{"embeddable":true,"href":"https:\/\/www.artethanolfireplace.com\/it\/wp-json\/wp\/v2\/users\/1"}],"replies":[{"embeddable":true,"href":"https:\/\/www.artethanolfireplace.com\/it\/wp-json\/wp\/v2\/comments?post=2"}],"version-history":[{"count":52,"href":"https:\/\/www.artethanolfireplace.com\/it\/wp-json\/wp\/v2\/pages\/2\/revisions"}],"predecessor-version":[{"id":2631,"href":"https:\/\/www.artethanolfireplace.com\/it\/wp-json\/wp\/v2\/pages\/2\/revisions\/2631"}],"wp:attachment":[{"href":"https:\/\/www.artethanolfireplace.com\/it\/wp-json\/wp\/v2\/media?parent=2"}],"wp:term":[{"taxonomy":"yst_prominent_words","embeddable":true,"href":"https:\/\/www.artethanolfireplace.com\/it\/wp-json\/wp\/v2\/yst_prominent_words?post=2"}],"curies":[{"name":"wp","href":"https:\/\/api.w.org\/{rel}","templated":true}]}}