{"id":122,"date":"2014-12-16T16:22:59","date_gmt":"2014-12-16T08:22:59","guid":{"rendered":"http:\/\/www.artethanolfireplace.com\/?page_id=122"},"modified":"2017-07-11T21:48:16","modified_gmt":"2017-07-11T13:48:16","slug":"home","status":"publish","type":"page","link":"https:\/\/www.artethanolfireplace.com\/fr\/","title":{"rendered":"Home"},"content":{"rendered":"","protected":false},"excerpt":{"rendered":"<p>Art Chemin\u00e9e Technology Limited. Fond\u00e9e en 2008 est l&#8217;un des fabricant de chemin\u00e9e professionnelle automatique insert de bio\u00e9thanol en Chine. Nous nous concentrons sur l&#8217;alcool de contr\u00f4le \u00e0 distance, la bio-\u00e9thanol et ventless chemin\u00e9es avec des conceptions modernes de super et certifications CE approuv\u00e9 crafts.All nos br\u00fbleurs ont pass\u00e9.<\/p>\n","protected":false},"author":1,"featured_media":0,"parent":0,"menu_order":0,"comment_status":"closed","ping_status":"closed","template":"page-templates\/business.php","meta":[],"yst_prominent_words":[],"translation":{"provider":"WPGlobus","version":"2.8.3","language":"fr","enabled_languages":["en","es","fr","it","pt","ar","ru"],"languages":{"en":{"title":true,"content":false,"excerpt":true},"es":{"title":true,"content":false,"excerpt":true},"fr":{"title":true,"content":false,"excerpt":true},"it":{"title":true,"content":false,"excerpt":true},"pt":{"title":true,"content":false,"excerpt":true},"ar":{"title":true,"content":false,"excerpt":true},"ru":{"title":true,"content":false,"excerpt":true}}},"_links":{"self":[{"href":"https:\/\/www.artethanolfireplace.com\/fr\/wp-json\/wp\/v2\/pages\/122"}],"collection":[{"href":"https:\/\/www.artethanolfireplace.com\/fr\/wp-json\/wp\/v2\/pages"}],"about":[{"href":"https:\/\/www.artethanolfireplace.com\/fr\/wp-json\/wp\/v2\/types\/page"}],"author":[{"embeddable":true,"href":"https:\/\/www.artethanolfireplace.com\/fr\/wp-json\/wp\/v2\/users\/1"}],"replies":[{"embeddable":true,"href":"https:\/\/www.artethanolfireplace.com\/fr\/wp-json\/wp\/v2\/comments?post=122"}],"version-history":[{"count":9,"href":"https:\/\/www.artethanolfireplace.com\/fr\/wp-json\/wp\/v2\/pages\/122\/revisions"}],"predecessor-version":[{"id":1588,"href":"https:\/\/www.artethanolfireplace.com\/fr\/wp-json\/wp\/v2\/pages\/122\/revisions\/1588"}],"wp:attachment":[{"href":"https:\/\/www.artethanolfireplace.com\/fr\/wp-json\/wp\/v2\/media?parent=122"}],"wp:term":[{"taxonomy":"yst_prominent_words","embeddable":true,"href":"https:\/\/www.artethanolfireplace.com\/fr\/wp-json\/wp\/v2\/yst_prominent_words?post=122"}],"curies":[{"name":"wp","href":"https:\/\/api.w.org\/{rel}","templated":true}]}}